{"id":1979,"date":"2015-10-20T20:57:11","date_gmt":"2015-10-20T20:57:11","guid":{"rendered":"http:\/\/ststephensgreenpark.ie\/ga\/audioguide\/"},"modified":"2024-03-21T14:39:02","modified_gmt":"2024-03-21T14:39:02","slug":"audioguide","status":"publish","type":"page","link":"https:\/\/www.ststephensgreenpark.ie\/ga\/audioguide\/","title":{"rendered":"Audioguide"},"content":{"rendered":"<p>[et_pb_section admin_label=&#8221;section&#8221; fullwidth=&#8221;off&#8221; specialty=&#8221;off&#8221; transparent_background=&#8221;off&#8221; background_color=&#8221;#34631e&#8221; inner_shadow=&#8221;off&#8221; parallax=&#8221;off&#8221; parallax_method=&#8221;off&#8221; module_class=&#8221;shorty&#8221;][et_pb_row admin_label=&#8221;row&#8221;][et_pb_column type=&#8221;4_4&#8243;][et_pb_text admin_label=&#8221;Title Text&#8221; background_layout=&#8221;dark&#8221; text_orientation=&#8221;left&#8221; use_border_color=&#8221;off&#8221; border_color=&#8221;#ffffff&#8221; border_style=&#8221;solid&#8221;]<\/p>\n<h1>Clostreoir<\/h1>\n<p>[\/et_pb_text][\/et_pb_column][\/et_pb_row][\/et_pb_section][et_pb_section admin_label=&#8221;Section&#8221; fullwidth=&#8221;on&#8221; specialty=&#8221;off&#8221;][et_pb_fullwidth_image admin_label=&#8221;Fullwidth Image&#8221; src=&#8221;http:\/\/www.ststephensgreenpark.ie\/wp-content\/uploads\/2015\/10\/ipad-on-desk-2.png&#8221; show_in_lightbox=&#8221;off&#8221; url_new_window=&#8221;off&#8221; animation=&#8221;off&#8221; use_border_color=&#8221;off&#8221; border_color=&#8221;#ffffff&#8221; border_style=&#8221;solid&#8221;] [\/et_pb_fullwidth_image][\/et_pb_section][et_pb_section admin_label=&#8221;section&#8221; fullwidth=&#8221;off&#8221; specialty=&#8221;off&#8221; transparent_background=&#8221;on&#8221; background_color=&#8221;#ffffff&#8221; inner_shadow=&#8221;off&#8221; parallax=&#8221;off&#8221; parallax_method=&#8221;off&#8221;][et_pb_row admin_label=&#8221;Row&#8221;][et_pb_column type=&#8221;3_4&#8243;][et_pb_text admin_label=&#8221;Text&#8221; background_layout=&#8221;light&#8221; text_orientation=&#8221;left&#8221; use_border_color=&#8221;off&#8221; border_color=&#8221;#ffffff&#8221; border_style=&#8221;solid&#8221;]<\/p>\n<h4>N\u00ed fh\u00e9adf\u00e1 an treoir seo do Ph\u00e1irc Fhaiche Stiabhna a sh\u00e1r\u00fa: a stair, a cuid dealbh\u00f3ireachta agus a t\u00edrdhreach Victeoiriach.<\/h4>\n<p>T\u00e1 Faiche Stiabhna i gcro\u00edl\u00e1r shaol Bhaile \u00c1tha Cliath leis na c\u00e9adta bliain. Ghlac reibili\u00fanaigh, faoi cheannaireacht na Cuntaoise Markievicz, seilbh uirthi i gcaitheamh \u00c9ir\u00ed Amach na C\u00e1sca. Is anseo a bhuail James Joyce \u00f3g leis an bhfear a spreagfadh Ulysses. Is anseo a bhuail sufraig\u00e9id\u00ed le ch\u00e9ile sa bhliain 1918 sular v\u00f3t\u00e1il siad in Olltoghch\u00e1n den ch\u00e9ad uair riamh.<\/p>\n<p>Is \u00e9 Jack Murphy, a shi\u00fail faoi \u00c1irse na bhFi\u00fasail\u00e9ir\u00ed den ch\u00e9ad uair n\u00edos m\u00f3 n\u00e1 seacht\u00f3 bliain \u00f3 shin, a ins\u00edonn na sc\u00e9alta ar an gclostreoir seo a thugann th\u00fa ar thuras stair chult\u00fartha Bhaile \u00c1tha Cliath le tr\u00ed ch\u00e9ad bliain anuas.<\/p>\n<p>[\/et_pb_text][et_pb_blurb admin_label=&#8221;Blurb&#8221; title=&#8221;\u00cdosl\u00f3d\u00e1il an chlostreoir saor in aisce!&#8221; url=&#8221;https:\/\/www.guidigo.com\/Tour\/Ireland\/Dublin\/St-Stephen-s-Green-Park\/ubrmgrSytlw&#8221; url_new_window=&#8221;on&#8221; use_icon=&#8221;on&#8221; font_icon=&#8221;%%104%%&#8221; icon_color=&#8221;#3f771c&#8221; use_circle=&#8221;off&#8221; circle_color=&#8221;#3f771c&#8221; use_circle_border=&#8221;off&#8221; circle_border_color=&#8221;#3f771c&#8221; icon_placement=&#8221;left&#8221; animation=&#8221;off&#8221; background_layout=&#8221;light&#8221; text_orientation=&#8221;left&#8221; module_class=&#8221;whiteout&#8221; use_icon_font_size=&#8221;off&#8221; use_border_color=&#8221;off&#8221; border_color=&#8221;#ffffff&#8221; border_style=&#8221;solid&#8221;]<\/p>\n<p>\u00cdosl\u00f3d\u00e1il leagan den turas saor in aisce seo a bhfuil na gn\u00e9ithe ar fad air leis an aip d&#8217;fh\u00f3in ph\u00f3ca, GuidiGO.<br \/>\nAr f\u00e1il ar Apple agus ar Android, f\u00f3n n\u00f3 t\u00e1ibl\u00e9ad (is i mB\u00e9arla amh\u00e1in at\u00e1 s\u00e9 ar f\u00e1il).<\/p>\n<p>[\/et_pb_blurb][\/et_pb_column][et_pb_column type=&#8221;1_4&#8243;][et_pb_image admin_label=&#8221;Image&#8221; src=&#8221;http:\/\/www.ststephensgreenpark.ie\/wp-content\/uploads\/2015\/10\/tour-cover.png&#8221; show_in_lightbox=&#8221;off&#8221; url=&#8221;https:\/\/www.guidigo.com\/Tour\/Ireland\/Dublin\/St-Stephen-s-Green-Park\/ubrmgrSytlw&#8221; url_new_window=&#8221;on&#8221; animation=&#8221;off&#8221; sticky=&#8221;off&#8221; align=&#8221;center&#8221; force_fullwidth=&#8221;off&#8221; always_center_on_mobile=&#8221;on&#8221; use_border_color=&#8221;off&#8221; border_color=&#8221;#ffffff&#8221; border_style=&#8221;solid&#8221;] [\/et_pb_image][\/et_pb_column][\/et_pb_row][et_pb_row admin_label=&#8221;Row&#8221;][et_pb_column type=&#8221;4_4&#8243;][et_pb_text admin_label=&#8221;Text&#8221; background_layout=&#8221;light&#8221; text_orientation=&#8221;left&#8221; use_border_color=&#8221;off&#8221; border_color=&#8221;#ffffff&#8221; border_style=&#8221;solid&#8221;]<\/p>\n<h4>T\u00f3gann an turas beag\u00e1n n\u00edos m\u00f3 n\u00e1 uair an chloig agus t\u00e1 deich stad air.<\/h4>\n<p>T\u00e1 \u00c1irse na bhFi\u00fasail\u00e9ir\u00ed faoi thr\u00e1cht ag an gc\u00e9ad stad agus t\u00e1 dealbh an Tiarna Eglinton, at\u00e1 am\u00fa anois, faoi thr\u00e1cht ag an deichi\u00fa stad. Idir an d\u00e1 stad sin t\u00e1 measc\u00e1n sc\u00e9alta a thugann l\u00e9argas r\u00edshuimi\u00fail ar shaol Bhaile \u00c1tha Cliath le c\u00fapla c\u00e9ad bliain anuas. Ag gach stad t\u00e1 roinnt \u00edomh\u00e1nna a bhaineann leis an stad sin agus t\u00e1 cuid de na h\u00edomh\u00e1nna sin \u00e1 dtaispe\u00e1int go poibl\u00ed den ch\u00e9ad uair. Tar \u00e9is duit an turas a \u00edosl\u00f3d\u00e1il, n\u00ed theast\u00f3idh rochtain wifi uait chun \u00e9 a \u00fas\u00e1id, agus t\u00e1 l\u00e9arsc\u00e1il as l\u00edne ag gabh\u00e1il leis le go mbeidh t\u00fa in ann eolas na sl\u00ed a dh\u00e9anamh go r\u00e9idh sa ph\u00e1irc.<\/p>\n<p>[\/et_pb_text][et_pb_image admin_label=&#8221;Image&#8221; src=&#8221;http:\/\/www.ststephensgreenpark.ie\/wp-content\/uploads\/2015\/10\/stops.png&#8221; show_in_lightbox=&#8221;off&#8221; url=&#8221;https:\/\/www.guidigo.com\/Tour\/Ireland\/Dublin\/St-Stephen-s-Green-Park\/ubrmgrSytlw&#8221; url_new_window=&#8221;on&#8221; animation=&#8221;off&#8221; sticky=&#8221;off&#8221; align=&#8221;center&#8221; force_fullwidth=&#8221;off&#8221; always_center_on_mobile=&#8221;on&#8221; use_border_color=&#8221;off&#8221; border_color=&#8221;#ffffff&#8221; border_style=&#8221;solid&#8221;] [\/et_pb_image][\/et_pb_column][\/et_pb_row][et_pb_row admin_label=&#8221;Row&#8221;][et_pb_column type=&#8221;4_4&#8243;][et_pb_divider admin_label=&#8221;Divider&#8221; color=&#8221;#3d3d3d&#8221; show_divider=&#8221;on&#8221; divider_style=&#8221;solid&#8221; divider_position=&#8221;top&#8221; hide_on_mobile=&#8221;off&#8221;] [\/et_pb_divider][\/et_pb_column][\/et_pb_row][et_pb_row admin_label=&#8221;Row&#8221;][et_pb_column type=&#8221;4_4&#8243;][et_pb_cta admin_label=&#8221;Call To Action&#8221; title=&#8221;B\u00edonn an ph\u00e1irc ar oscailt an bhliain ar fad, mar sin is f\u00e9idir leat an turas a dh\u00e9anamh l\u00e1 ar bith!&#8221; button_url=&#8221;http:\/\/ststephensgreenpark.ie\/ga\/plan-a-visit\/&#8221; url_new_window=&#8221;off&#8221; button_text=&#8221;Plean\u00e1il Cuairt&#8221; use_background_color=&#8221;off&#8221; background_color=&#8221;#3f771c&#8221; background_layout=&#8221;light&#8221; text_orientation=&#8221;center&#8221; header_font=&#8221;Droid Serif||||&#8221; header_font_size=&#8221;17&#8243; use_border_color=&#8221;off&#8221; border_color=&#8221;#ffffff&#8221; border_style=&#8221;solid&#8221; custom_button=&#8221;on&#8221; button_text_size=&#8221;15&#8243; button_border_width=&#8221;1&#8243; button_letter_spacing=&#8221;0&#8243; button_use_icon=&#8221;default&#8221; button_icon_placement=&#8221;right&#8221; button_on_hover=&#8221;on&#8221; button_letter_spacing_hover=&#8221;0&#8243;]<\/p>\n<p>Is f\u00e9idir leat \u00e9isteacht leis an gclostreoir agus t\u00fa go bre\u00e1 compordach ar\u00a0an tolg sa bhaile freisin, agus Google Streetview in \u00fas\u00e1id in \u00e9ineacht leis.<\/p>\n<p>[\/et_pb_cta][\/et_pb_column][\/et_pb_row][\/et_pb_section]<\/p>\n","protected":false},"excerpt":{"rendered":"<p>Clostreoir N\u00ed fh\u00e9adf\u00e1 an treoir seo do Ph\u00e1irc Fhaiche Stiabhna a sh\u00e1r\u00fa: a stair, a cuid dealbh\u00f3ireachta agus a t\u00edrdhreach Victeoiriach. T\u00e1 Faiche Stiabhna i gcro\u00edl\u00e1r shaol Bhaile \u00c1tha Cliath leis na c\u00e9adta bliain. Ghlac reibili\u00fanaigh, faoi cheannaireacht na Cuntaoise Markievicz, seilbh uirthi i gcaitheamh \u00c9ir\u00ed Amach na C\u00e1sca. Is anseo a bhuail James Joyce [&hellip;]<\/p>\n","protected":false},"author":9,"featured_media":0,"parent":0,"menu_order":0,"comment_status":"closed","ping_status":"closed","template":"","meta":{"_et_pb_use_builder":"on","_et_pb_old_content":"","_et_gb_content_width":"","footnotes":""},"class_list":["post-1979","page","type-page","status-publish","hentry"],"_links":{"self":[{"href":"https:\/\/www.ststephensgreenpark.ie\/ga\/wp-json\/wp\/v2\/pages\/1979","targetHints":{"allow":["GET"]}}],"collection":[{"href":"https:\/\/www.ststephensgreenpark.ie\/ga\/wp-json\/wp\/v2\/pages"}],"about":[{"href":"https:\/\/www.ststephensgreenpark.ie\/ga\/wp-json\/wp\/v2\/types\/page"}],"author":[{"embeddable":true,"href":"https:\/\/www.ststephensgreenpark.ie\/ga\/wp-json\/wp\/v2\/users\/9"}],"replies":[{"embeddable":true,"href":"https:\/\/www.ststephensgreenpark.ie\/ga\/wp-json\/wp\/v2\/comments?post=1979"}],"version-history":[{"count":1,"href":"https:\/\/www.ststephensgreenpark.ie\/ga\/wp-json\/wp\/v2\/pages\/1979\/revisions"}],"predecessor-version":[{"id":3112,"href":"https:\/\/www.ststephensgreenpark.ie\/ga\/wp-json\/wp\/v2\/pages\/1979\/revisions\/3112"}],"wp:attachment":[{"href":"https:\/\/www.ststephensgreenpark.ie\/ga\/wp-json\/wp\/v2\/media?parent=1979"}],"curies":[{"name":"wp","href":"https:\/\/api.w.org\/{rel}","templated":true}]}}