{"id":1770,"date":"2014-09-23T17:47:48","date_gmt":"2014-09-23T17:47:48","guid":{"rendered":"http:\/\/ststephensgreenpark.ie\/ga\/contact-us\/"},"modified":"2023-11-08T15:12:47","modified_gmt":"2023-11-08T15:12:47","slug":"contact-us","status":"publish","type":"page","link":"https:\/\/www.ststephensgreenpark.ie\/ga\/contact-us\/","title":{"rendered":"Contact Us"},"content":{"rendered":"<p>[et_pb_section admin_label=&#8221;section&#8221; fullwidth=&#8221;off&#8221; specialty=&#8221;off&#8221; transparent_background=&#8221;off&#8221; background_color=&#8221;#34631e&#8221; inner_shadow=&#8221;off&#8221; parallax=&#8221;off&#8221; parallax_method=&#8221;off&#8221; module_class=&#8221;shorty&#8221;][et_pb_row admin_label=&#8221;row&#8221;][et_pb_column type=&#8221;4_4&#8243;][et_pb_text admin_label=&#8221;Title Text&#8221; background_layout=&#8221;dark&#8221; text_orientation=&#8221;left&#8221; use_border_color=&#8221;off&#8221; border_color=&#8221;#ffffff&#8221; border_style=&#8221;solid&#8221;]<\/p>\n<h1>Teagmh\u00e1il<\/h1>\n<p>[\/et_pb_text][\/et_pb_column][\/et_pb_row][\/et_pb_section][et_pb_section admin_label=&#8221;section&#8221; transparent_background=&#8221;on&#8221; background_color=&#8221;#ffffff&#8221; inner_shadow=&#8221;off&#8221; parallax=&#8221;off&#8221; parallax_method=&#8221;off&#8221; allow_player_pause=&#8221;off&#8221; custom_padding=&#8221;5px|5px&#8221; padding_mobile=&#8221;off&#8221; make_fullwidth=&#8221;off&#8221; use_custom_width=&#8221;off&#8221; width_unit=&#8221;on&#8221; make_equal=&#8221;off&#8221; use_custom_gutter=&#8221;off&#8221;][et_pb_row admin_label=&#8221;Row&#8221;][et_pb_column type=&#8221;4_4&#8243;][et_pb_text admin_label=&#8221;Text&#8221; background_layout=&#8221;light&#8221; text_orientation=&#8221;center&#8221; use_border_color=&#8221;off&#8221; border_color=&#8221;#ffffff&#8221; border_style=&#8221;solid&#8221;]<\/p>\n<h5 style=\"text-align: center;\">B\u00ed i dteagmh\u00e1il linn le do chuid ceisteanna n\u00f3 molta\u00ed tr\u00ed cheann ar bith de na beala\u00ed th\u00edos. T\u00e1imid ag s\u00fail le cloiste\u00e1il uait.<\/h5>\n<p>[\/et_pb_text][\/et_pb_column][\/et_pb_row][et_pb_row admin_label=&#8221;Row&#8221;][et_pb_column type=&#8221;1_3&#8243;][et_pb_blurb admin_label=&#8221;Blurb&#8221; title=&#8221;Oifig an Sti\u00farth\u00f3ra, P\u00e1irc Fhaiche Stiabhna, Baile \u00c1tha Cliath 2&#8243; url_new_window=&#8221;off&#8221; use_icon=&#8221;on&#8221; font_icon=&#8221;%%102%%&#8221; icon_color=&#8221;#3f771c&#8221; use_circle=&#8221;off&#8221; circle_color=&#8221;#3f771c&#8221; use_circle_border=&#8221;off&#8221; circle_border_color=&#8221;#3f771c&#8221; icon_placement=&#8221;left&#8221; animation=&#8221;off&#8221; background_layout=&#8221;light&#8221; text_orientation=&#8221;left&#8221; use_icon_font_size=&#8221;on&#8221; icon_font_size=&#8221;20&#8243; use_border_color=&#8221;off&#8221; border_color=&#8221;#ffffff&#8221; border_style=&#8221;solid&#8221;] [\/et_pb_blurb][\/et_pb_column][et_pb_column type=&#8221;1_3&#8243;][et_pb_blurb admin_label=&#8221;Blurb&#8221; title=&#8221;+353 1 475 7816&#8243; url_new_window=&#8221;off&#8221; use_icon=&#8221;on&#8221; font_icon=&#8221;%%264%%&#8221; icon_color=&#8221;#3f771c&#8221; use_circle=&#8221;off&#8221; circle_color=&#8221;#3f771c&#8221; use_circle_border=&#8221;off&#8221; circle_border_color=&#8221;#3f771c&#8221; icon_placement=&#8221;left&#8221; animation=&#8221;off&#8221; background_layout=&#8221;light&#8221; text_orientation=&#8221;left&#8221; use_icon_font_size=&#8221;on&#8221; icon_font_size=&#8221;20&#8243; use_border_color=&#8221;off&#8221; border_color=&#8221;#ffffff&#8221; border_style=&#8221;solid&#8221;] [\/et_pb_blurb][\/et_pb_column][et_pb_column type=&#8221;1_3&#8243;][et_pb_blurb admin_label=&#8221;Blurb&#8221; title=&#8221;michael.herbert@opw.ie&#8221; url_new_window=&#8221;off&#8221; use_icon=&#8221;on&#8221; font_icon=&#8221;%%109%%&#8221; icon_color=&#8221;#3f771c&#8221; use_circle=&#8221;off&#8221; circle_color=&#8221;#3f771c&#8221; use_circle_border=&#8221;off&#8221; circle_border_color=&#8221;#3f771c&#8221; icon_placement=&#8221;left&#8221; animation=&#8221;off&#8221; background_layout=&#8221;light&#8221; text_orientation=&#8221;left&#8221; use_icon_font_size=&#8221;on&#8221; icon_font_size=&#8221;20&#8243; use_border_color=&#8221;off&#8221; border_color=&#8221;#ffffff&#8221; border_style=&#8221;solid&#8221;] [\/et_pb_blurb][\/et_pb_column][\/et_pb_row][et_pb_row admin_label=&#8221;Row&#8221;][et_pb_column type=&#8221;4_4&#8243;][et_pb_social_media_follow admin_label=&#8221;Social Media Follow&#8221; link_shape=&#8221;circle&#8221; background_layout=&#8221;light&#8221; url_new_window=&#8221;on&#8221; follow_button=&#8221;off&#8221;] [et_pb_social_media_follow_network social_network=&#8221;facebook&#8221; url=&#8221;https:\/\/www.facebook.com\/heritageireland&#8221; skype_action=&#8221;call&#8221; bg_color=&#8221;#3b5998&#8243;] facebook [\/et_pb_social_media_follow_network][et_pb_social_media_follow_network social_network=&#8221;twitter&#8221; url=&#8221;https:\/\/twitter.com\/opwireland&#8221; skype_action=&#8221;call&#8221; bg_color=&#8221;#00aced&#8221;] Twitter [\/et_pb_social_media_follow_network][et_pb_social_media_follow_network social_network=&#8221;youtube&#8221; url=&#8221;https:\/\/www.youtube.com\/channel\/UCwTX-iJaTMnRptuTzcvbjDA&#8221; skype_action=&#8221;call&#8221; bg_color=&#8221;#a82400&#8243;] Youtube [\/et_pb_social_media_follow_network] [\/et_pb_social_media_follow][\/et_pb_column][\/et_pb_row][\/et_pb_section][et_pb_section admin_label=&#8221;Section&#8221; fullwidth=&#8221;on&#8221; specialty=&#8221;off&#8221;][et_pb_fullwidth_map admin_label=&#8221;Fullwidth Map&#8221; address=&#8221;Dublin, Ireland&#8221; zoom_level=&#8221;14&#8243; address_lat=&#8221;53.3443101062302&#8243; address_lng=&#8221;-6.260309699999993&#8243; mouse_wheel=&#8221;off&#8221;] [et_pb_map_pin title=&#8221;P\u00e1irc Fhaiche Stiabhna&#8221; pin_address=&#8221;St Stephen&#8217;s Green, St Stephen&#8217;s Green, Dublin 2&#8243; pin_address_lat=&#8221;53.3381736&#8243; pin_address_lng=&#8221;-6.259119000000055&#8243;]<\/p>\n<p class=\"p1\"><span class=\"s1\">P\u00e1irc Fhaiche Stiabhna<\/span><\/p>\n<p>[\/et_pb_map_pin] [\/et_pb_fullwidth_map][\/et_pb_section][et_pb_section admin_label=&#8221;Section&#8221; fullwidth=&#8221;off&#8221; specialty=&#8221;off&#8221; transparent_background=&#8221;on&#8221; allow_player_pause=&#8221;off&#8221; inner_shadow=&#8221;off&#8221; parallax=&#8221;off&#8221; parallax_method=&#8221;off&#8221; custom_padding=&#8221;5px|5px&#8221; padding_mobile=&#8221;off&#8221; make_fullwidth=&#8221;off&#8221; use_custom_width=&#8221;off&#8221; width_unit=&#8221;on&#8221; make_equal=&#8221;off&#8221; use_custom_gutter=&#8221;off&#8221;][et_pb_row admin_label=&#8221;Row&#8221;][et_pb_column type=&#8221;4_4&#8243;][et_pb_cta admin_label=&#8221;Call To Action&#8221; title=&#8221;T\u00e1 l\u00e1nfh\u00e1ilte romhat teacht chugainn t\u00fa f\u00e9in chomh maith.&#8221; button_url=&#8221;http:\/\/ststephensgreenpark.ie\/ga\/plan-a-visit\/&#8221; url_new_window=&#8221;off&#8221; button_text=&#8221;Plean\u00e1il Cuairt&#8221; use_background_color=&#8221;off&#8221; background_color=&#8221;#3f771c&#8221; background_layout=&#8221;light&#8221; text_orientation=&#8221;center&#8221; use_border_color=&#8221;off&#8221; border_color=&#8221;#ffffff&#8221; border_style=&#8221;solid&#8221; custom_button=&#8221;on&#8221; button_letter_spacing=&#8221;0&#8243; button_use_icon=&#8221;default&#8221; button_icon_placement=&#8221;right&#8221; button_on_hover=&#8221;on&#8221; button_letter_spacing_hover=&#8221;0&#8243; header_font_size=&#8221;20&#8243; button_text_size=&#8221;15&#8243; button_border_width=&#8221;1&#8243;]<\/p>\n<p>Faigh tuilleadh eolais faoi uaireanta oscailte, \u00e1iseanna, agus eolas \u00e1bhartha eile.<\/p>\n<p>[\/et_pb_cta][\/et_pb_column][\/et_pb_row][\/et_pb_section]<\/p>\n","protected":false},"excerpt":{"rendered":"<p>Teagmh\u00e1il B\u00ed i dteagmh\u00e1il linn le do chuid ceisteanna n\u00f3 molta\u00ed tr\u00ed cheann ar bith de na beala\u00ed th\u00edos. T\u00e1imid ag s\u00fail le cloiste\u00e1il uait. P\u00e1irc Fhaiche Stiabhna Faigh tuilleadh eolais faoi uaireanta oscailte, \u00e1iseanna, agus eolas \u00e1bhartha eile.<\/p>\n","protected":false},"author":9,"featured_media":0,"parent":0,"menu_order":0,"comment_status":"closed","ping_status":"closed","template":"","meta":{"_et_pb_use_builder":"on","_et_pb_old_content":"","_et_gb_content_width":"","footnotes":""},"class_list":["post-1770","page","type-page","status-publish","hentry"],"_links":{"self":[{"href":"https:\/\/www.ststephensgreenpark.ie\/ga\/wp-json\/wp\/v2\/pages\/1770","targetHints":{"allow":["GET"]}}],"collection":[{"href":"https:\/\/www.ststephensgreenpark.ie\/ga\/wp-json\/wp\/v2\/pages"}],"about":[{"href":"https:\/\/www.ststephensgreenpark.ie\/ga\/wp-json\/wp\/v2\/types\/page"}],"author":[{"embeddable":true,"href":"https:\/\/www.ststephensgreenpark.ie\/ga\/wp-json\/wp\/v2\/users\/9"}],"replies":[{"embeddable":true,"href":"https:\/\/www.ststephensgreenpark.ie\/ga\/wp-json\/wp\/v2\/comments?post=1770"}],"version-history":[{"count":1,"href":"https:\/\/www.ststephensgreenpark.ie\/ga\/wp-json\/wp\/v2\/pages\/1770\/revisions"}],"predecessor-version":[{"id":3023,"href":"https:\/\/www.ststephensgreenpark.ie\/ga\/wp-json\/wp\/v2\/pages\/1770\/revisions\/3023"}],"wp:attachment":[{"href":"https:\/\/www.ststephensgreenpark.ie\/ga\/wp-json\/wp\/v2\/media?parent=1770"}],"curies":[{"name":"wp","href":"https:\/\/api.w.org\/{rel}","templated":true}]}}