{"id":1754,"date":"2014-09-23T17:46:41","date_gmt":"2014-09-23T17:46:41","guid":{"rendered":"http:\/\/ststephensgreenpark.ie\/ga\/flora-and-fauna\/"},"modified":"2023-07-11T09:28:43","modified_gmt":"2023-07-11T08:28:43","slug":"flora-and-fauna","status":"publish","type":"page","link":"https:\/\/www.ststephensgreenpark.ie\/ga\/flora-and-fauna\/","title":{"rendered":"Flora and Fauna"},"content":{"rendered":"<p>[et_pb_section admin_label=&#8221;section&#8221; fullwidth=&#8221;off&#8221; specialty=&#8221;off&#8221; transparent_background=&#8221;off&#8221; background_color=&#8221;#34631e&#8221; inner_shadow=&#8221;off&#8221; parallax=&#8221;off&#8221; parallax_method=&#8221;off&#8221; module_class=&#8221;shorty&#8221;][et_pb_row admin_label=&#8221;row&#8221;][et_pb_column type=&#8221;4_4&#8243;][et_pb_text admin_label=&#8221;Title Text&#8221; background_layout=&#8221;dark&#8221; text_orientation=&#8221;left&#8221; use_border_color=&#8221;off&#8221; border_color=&#8221;#ffffff&#8221; border_style=&#8221;solid&#8221;]<\/p>\n<h1>Fl\u00f3ra agus F\u00e1na<\/h1>\n<p>[\/et_pb_text][\/et_pb_column][\/et_pb_row][\/et_pb_section][et_pb_section admin_label=&#8221;section&#8221; background_image=&#8221;http:\/\/ststephensgreenpark.ie\/wp-content\/uploads\/2014\/09\/IMG_5292-e1410795192306.jpg&#8221; transparent_background=&#8221;off&#8221; background_color=&#8221;#ffffff&#8221; inner_shadow=&#8221;off&#8221; parallax=&#8221;off&#8221; parallax_method=&#8221;off&#8221; allow_player_pause=&#8221;off&#8221; padding_mobile=&#8221;off&#8221; make_fullwidth=&#8221;off&#8221; use_custom_width=&#8221;off&#8221; width_unit=&#8221;on&#8221; make_equal=&#8221;off&#8221; use_custom_gutter=&#8221;off&#8221;][et_pb_row admin_label=&#8221;row&#8221;][et_pb_column type=&#8221;4_4&#8243;][et_pb_divider admin_label=&#8221;tulips image Divider&#8221; color=&#8221;#ffffff&#8221; show_divider=&#8221;off&#8221; height=&#8221;250&#8243; divider_style=&#8221;solid&#8221; divider_position=&#8221;top&#8221; hide_on_mobile=&#8221;off&#8221;] [\/et_pb_divider][\/et_pb_column][\/et_pb_row][\/et_pb_section][et_pb_section admin_label=&#8221;section&#8221; fullwidth=&#8221;off&#8221; specialty=&#8221;off&#8221; transparent_background=&#8221;on&#8221; allow_player_pause=&#8221;off&#8221; inner_shadow=&#8221;off&#8221; parallax=&#8221;off&#8221; parallax_method=&#8221;off&#8221; padding_mobile=&#8221;off&#8221; make_fullwidth=&#8221;off&#8221; use_custom_width=&#8221;off&#8221; width_unit=&#8221;on&#8221; make_equal=&#8221;off&#8221; use_custom_gutter=&#8221;off&#8221;][et_pb_row admin_label=&#8221;Row&#8221;][et_pb_column type=&#8221;1_2&#8243;][et_pb_text admin_label=&#8221;The landscape of the park today&#8230; Text&#8221; background_layout=&#8221;light&#8221; text_orientation=&#8221;left&#8221; use_border_color=&#8221;off&#8221; border_color=&#8221;#ffffff&#8221; border_style=&#8221;solid&#8221;]<\/p>\n<p class=\"p1\"><span class=\"s1\">T\u00e1 t\u00edrdhreach na p\u00e1irce sa l\u00e1 at\u00e1 inniu ann m\u00f3r\u00e1n cos\u00fail le dearadh Victeoiriach na p\u00e1irce a choimisi\u00fanaigh an Tiarna Ardilaun in 1880. T\u00e1 limist\u00e9ar foirmi\u00fail i l\u00e1r na p\u00e1irce ina bhfuil cos\u00e1in agus faich\u00ed i bpatr\u00fan sim\u00e9adrach; t\u00e1 dh\u00e1 scairde\u00e1n eibhir mar bhuaic ina l\u00e1r si\u00fad. T\u00e1 neart ceapacha bl\u00e1thanna Victeoiriacha lonnaithe thart ar limist\u00e9ar l\u00e1ir na p\u00e1irce a bh\u00edonn l\u00e1n le linn an ts\u00e9as\u00fair f\u00e1sta ar fad le taispe\u00e1ntais ildaite de phlanda\u00ed ceapa\u00ed, ti\u00failip\u00ed, croibh fola, lusanna an bhalla, agus peat\u00fainiacha, i measc neart eile. Gn\u00e9 choitianta i bp\u00e1irceanna Victeoiriacha ar n\u00f3s Fhaiche Stiabhna iad na ciumhs\u00f3ga bl\u00e1thanna, a fheictear in aice le geata Shr\u00e1id L\u00edosain, agus a bh\u00edonn i mbarr a r\u00e9ime \u00f3 l\u00e1r an tsamhraidh ar aghaidh.<\/span><\/p>\n<p>[\/et_pb_text][\/et_pb_column][et_pb_column type=&#8221;1_2&#8243;][et_pb_text admin_label=&#8221;Lake Text&#8221; background_layout=&#8221;light&#8221; text_orientation=&#8221;left&#8221; use_border_color=&#8221;off&#8221; border_color=&#8221;#ffffff&#8221; border_style=&#8221;solid&#8221;]<\/p>\n<p class=\"p1\"><span class=\"s1\">T\u00e1 an loch ar cheann de na gn\u00e9ithe is suntasa\u00ed sa ph\u00e1irc, agus eas agus oile\u00e1n ina l\u00e1r. T\u00e1 na crainn agus na planda\u00ed eile thart ar an loch aib\u00ed anois, a mhaola\u00edonn cuma an locha, agus is beag fianaise at\u00e1 ann n\u00edos m\u00f3 gur t\u00f3gadh an loch an ch\u00e9ad l\u00e1 riamh. Gn\u00e1th\u00f3g \u00e9 an loch do mh\u00f3r\u00e1n \u00e9in uisce, lena n-\u00e1ir\u00edtear lachain mhallaird, eala\u00ed agus cearca uisce, agus go leor speiceas \u00e9in agus \u00e9isc. I measc na ngn\u00e9ithe suntasacha eile sa ph\u00e1irc t\u00e1 an Gaird\u00edn Portaigh, an Gaird\u00edn do na Daill (ina bhfuil toir agus luibheanna a bhfuil boladh l\u00e1idir uathu agus a bhfuil lip\u00e9id i mBraille leo), an Cl\u00f3s S\u00fagartha, agus an tArd\u00e1n Banna Ceoil.<\/span><\/p>\n<p>[\/et_pb_text][\/et_pb_column][\/et_pb_row][et_pb_row admin_label=&#8221;Row&#8221;][et_pb_column type=&#8221;1_2&#8243;][et_pb_image admin_label=&#8221;Fox Image&#8221; src=&#8221;http:\/\/www.ststephensgreenpark.ie\/wp-content\/uploads\/2014\/10\/IMG_4449.jpg&#8221; show_in_lightbox=&#8221;on&#8221; url_new_window=&#8221;off&#8221; animation=&#8221;off&#8221; sticky=&#8221;off&#8221; align=&#8221;center&#8221; force_fullwidth=&#8221;off&#8221; always_center_on_mobile=&#8221;on&#8221; use_border_color=&#8221;off&#8221; border_color=&#8221;#ffffff&#8221; border_style=&#8221;solid&#8221;] [\/et_pb_image][\/et_pb_column][et_pb_column type=&#8221;1_2&#8243;][et_pb_image admin_label=&#8221;little duck Image&#8221; src=&#8221;http:\/\/ststephensgreenpark.ie\/wp-content\/uploads\/2014\/09\/IMG_2670-e1410795162865.jpg&#8221; show_in_lightbox=&#8221;on&#8221; url_new_window=&#8221;off&#8221; animation=&#8221;off&#8221; sticky=&#8221;off&#8221; align=&#8221;center&#8221; force_fullwidth=&#8221;off&#8221; always_center_on_mobile=&#8221;on&#8221; use_border_color=&#8221;off&#8221; border_color=&#8221;#ffffff&#8221; border_style=&#8221;solid&#8221;] [\/et_pb_image][\/et_pb_column][\/et_pb_row][et_pb_row admin_label=&#8221;Row&#8221;][et_pb_column type=&#8221;4_4&#8243;][et_pb_text admin_label=&#8221;Trees&#8221; background_layout=&#8221;light&#8221; text_orientation=&#8221;left&#8221; use_border_color=&#8221;off&#8221; border_color=&#8221;#ffffff&#8221; border_style=&#8221;solid&#8221;]<\/p>\n<p class=\"p1\"><span class=\"s1\">T\u00e1 os cionn 750 crann sa ph\u00e1irc. Cuireadh go leor crann ar imeall na faiche chun an ph\u00e1irc a chosaint \u00f3n truailli\u00fa torainn agus aeir \u00f3n gcathair. Cuireadh pl\u00e1na Londan ar fud na p\u00e1irce, mar go bhfuil s\u00e9 go maith in ann don truailli\u00fa aeir. T\u00e1 traidisi\u00fan fada ag seiceamair sa ph\u00e1irc; ba \u00e9 an seiceamar an ch\u00e9ad chine\u00e1l crainn a cuireadh ann sa seacht\u00fa haois d\u00e9ag. Cuireadh crainn teile ar dh\u00e1 thaobh cos\u00e1in fhoirmi\u00fail feadh theorainn thuaidh na p\u00e1irce. I measc na gcrann eile a fhaightear go forleathan sa ph\u00e1irc t\u00e1 dair thoilm, beith, cuileann, fuinseog shilte, sceach gheal, agus labhras.<\/span><\/p>\n<p>[\/et_pb_text][et_pb_text admin_label=&#8221;Birds Descriptive Text&#8221; background_layout=&#8221;light&#8221; text_orientation=&#8221;left&#8221; use_border_color=&#8221;off&#8221; border_color=&#8221;#ffffff&#8221; border_style=&#8221;solid&#8221;]<\/p>\n<p class=\"p1\"><span class=\"s1\">T\u00e1 l\u00edon m\u00f3r cine\u00e1lacha \u00e9ags\u00fala \u00e9an sa ph\u00e1irc, lena n-\u00e1ir\u00edtear \u00e9in uisce, \u00e9in chreiche, agus pasairigh. I measc na speiceas a fheictear anseo t\u00e1 c\u00edorbhu\u00edonna, snaganna breac, spideoga agus dreoil\u00edn\u00ed.\u00a0<\/span><span class=\"s2\">T\u00e1 c\u00faig chine\u00e1l \u00e9an ar a laghad ina gc\u00f3na\u00ed i bP\u00e1irc Fhaiche Stiabhna a bhfuil imn\u00ed caomhnaithe ina leith in \u00c9irinn. Baineann tr\u00ed cinn d\u00edobh seo le fine na bhfaoile\u00e1n; is iad an eala bhalbh agus an lacha bhad\u00e1nach an p\u00e9ire eile.<\/span><\/p>\n<p>[\/et_pb_text][\/et_pb_column][\/et_pb_row][et_pb_row admin_label=&#8221;Row&#8221;][et_pb_column type=&#8221;2_3&#8243;][et_pb_text admin_label=&#8221;Bibliography&#8221; background_layout=&#8221;light&#8221; text_orientation=&#8221;left&#8221; use_border_color=&#8221;off&#8221; border_color=&#8221;#ffffff&#8221; border_style=&#8221;solid&#8221;]<\/p>\n<h4>Leabharliosta<\/h4>\n<ul>\n<li>Hutchinson, Clive D. <i>The Birds of Dublin and Wicklow<\/i> (1975)<\/li>\n<li>Moriarty, Christopher.\u00a0<i>Exploring Dublin: Wildlife, Parks, Waterways<\/i> (1997)<\/li>\n<li>Wyse Jackson, Peter and Sheehy Skeffington, Micheline. <i>Flora of Inner Dublin<\/i> (1984)<\/li>\n<\/ul>\n<p>[\/et_pb_text][\/et_pb_column][et_pb_column type=&#8221;1_3&#8243;][et_pb_text admin_label=&#8221;Bibliography&#8221; background_layout=&#8221;light&#8221; text_orientation=&#8221;left&#8221; use_border_color=&#8221;off&#8221; border_color=&#8221;#ffffff&#8221; border_style=&#8221;solid&#8221;]<\/p>\n<h4>Naisc<\/h4>\n<ul>\n<li><a href=\"http:\/\/www.dublinbirding.ie\/\" target=\"_blank\" rel=\"noopener\">Cairde \u00c9anlaith \u00c9ireann, Craobh na Tulchann<\/a><\/li>\n<li><a href=\"http:\/\/logmytree.blogspot.ie\/2012\/10\/inventory-of-dublins-urban-trees.html\" target=\"_blank\" rel=\"noopener\">Liosta de na crainn i gcathair Bhaile \u00c1tha Cliath<\/a><\/li>\n<li><a href=\"http:\/\/www.trees.org.uk\/\" target=\"_blank\" rel=\"noopener\">Cumann Crannad\u00f3ireachta na h\u00c9ireann<\/a><\/li>\n<\/ul>\n<p>[\/et_pb_text][\/et_pb_column][\/et_pb_row][et_pb_row admin_label=&#8221;Row&#8221;][et_pb_column type=&#8221;4_4&#8243;][et_pb_divider admin_label=&#8221;Divider&#8221; color=&#8221;#686868&#8243; show_divider=&#8221;on&#8221; divider_style=&#8221;solid&#8221; divider_position=&#8221;top&#8221; hide_on_mobile=&#8221;off&#8221;] [\/et_pb_divider][\/et_pb_column][\/et_pb_row][et_pb_row admin_label=&#8221;Row&#8221;][et_pb_column type=&#8221;1_3&#8243;][et_pb_blurb admin_label=&#8221;trees download Blurb&#8221; title=&#8221;\u00cdosl\u00f3d\u00e1il&#8221; url=&#8221;http:\/\/ststephensgreenpark.ie\/wp-content\/uploads\/2014\/10\/Trees-in-the-Green.pdf&#8221; url_new_window=&#8221;on&#8221; use_icon=&#8221;on&#8221; font_icon=&#8221;%%115%%&#8221; icon_color=&#8221;#3f771c&#8221; use_circle=&#8221;off&#8221; circle_color=&#8221;#3f771c&#8221; use_circle_border=&#8221;off&#8221; circle_border_color=&#8221;#3f771c&#8221; icon_placement=&#8221;left&#8221; animation=&#8221;off&#8221; background_layout=&#8221;light&#8221; text_orientation=&#8221;left&#8221; use_icon_font_size=&#8221;off&#8221; use_border_color=&#8221;off&#8221; border_color=&#8221;#ffffff&#8221; border_style=&#8221;solid&#8221;]<\/p>\n<p class=\"p1\"><span class=\"s1\">Daonra Crann Ph\u00e1irc Fhaiche Stiabhna<\/span><\/p>\n<p>[\/et_pb_blurb][\/et_pb_column][et_pb_column type=&#8221;1_3&#8243;][et_pb_blurb admin_label=&#8221;Dogs download Blurb&#8221; title=&#8221;\u00cdosl\u00f3d\u00e1il&#8221; url=&#8221;http:\/\/ststephensgreenpark.ie\/wp-content\/uploads\/2015\/10\/Code-of-Conduct-for-Dog-Owners-GAEILGE-PDF.pdf&#8221; url_new_window=&#8221;on&#8221; use_icon=&#8221;on&#8221; font_icon=&#8221;%%115%%&#8221; icon_color=&#8221;#3f771c&#8221; use_circle=&#8221;off&#8221; circle_color=&#8221;#3f771c&#8221; use_circle_border=&#8221;off&#8221; circle_border_color=&#8221;#3f771c&#8221; icon_placement=&#8221;left&#8221; animation=&#8221;off&#8221; background_layout=&#8221;light&#8221; text_orientation=&#8221;left&#8221; use_icon_font_size=&#8221;off&#8221; use_border_color=&#8221;off&#8221; border_color=&#8221;#ffffff&#8221; border_style=&#8221;solid&#8221;]<\/p>\n<p class=\"p1\"><span class=\"s1\">C\u00f3d Iompair d&#8217;\u00dain\u00e9ir\u00ed Madra<\/span><\/p>\n<p>[\/et_pb_blurb][\/et_pb_column][et_pb_column type=&#8221;1_3&#8243;][et_pb_blurb admin_label=&#8221;bird report download Blurb&#8221; title=&#8221;\u00cdosl\u00f3d\u00e1il&#8221; url=&#8221;http:\/\/ststephensgreenpark.ie\/wp-content\/uploads\/2014\/10\/Birds-Report-2012.pdf&#8221; url_new_window=&#8221;on&#8221; use_icon=&#8221;on&#8221; font_icon=&#8221;%%115%%&#8221; icon_color=&#8221;#3f771c&#8221; use_circle=&#8221;off&#8221; circle_color=&#8221;#3f771c&#8221; use_circle_border=&#8221;off&#8221; circle_border_color=&#8221;#3f771c&#8221; icon_placement=&#8221;left&#8221; animation=&#8221;off&#8221; background_layout=&#8221;light&#8221; text_orientation=&#8221;left&#8221; use_icon_font_size=&#8221;off&#8221; use_border_color=&#8221;off&#8221; border_color=&#8221;#ffffff&#8221; border_style=&#8221;solid&#8221;]<\/p>\n<p class=\"p1\"><span class=\"s1\">Tuarasc\u00e1il na n\u00c9an le haghaidh Ph\u00e1irc Fhaiche Stiabhna in 2012<\/span><\/p>\n<p>[\/et_pb_blurb][\/et_pb_column][\/et_pb_row][et_pb_row admin_label=&#8221;Row&#8221;][et_pb_column type=&#8221;4_4&#8243;][et_pb_divider admin_label=&#8221;Divider&#8221; color=&#8221;#686868&#8243; show_divider=&#8221;on&#8221; divider_style=&#8221;solid&#8221; divider_position=&#8221;top&#8221; hide_on_mobile=&#8221;off&#8221;] [\/et_pb_divider][\/et_pb_column][\/et_pb_row][et_pb_row admin_label=&#8221;row&#8221;][et_pb_column type=&#8221;1_4&#8243;][et_pb_image admin_label=&#8221;Image&#8221; src=&#8221;http:\/\/www.ststephensgreenpark.ie\/wp-content\/uploads\/2014\/09\/logo-greenflag.png&#8221; show_in_lightbox=&#8221;off&#8221; url=&#8221;http:\/\/www.greenflagaward.org.uk\/&#8221; url_new_window=&#8221;on&#8221; animation=&#8221;off&#8221; sticky=&#8221;off&#8221; align=&#8221;right&#8221; force_fullwidth=&#8221;off&#8221; always_center_on_mobile=&#8221;on&#8221; use_border_color=&#8221;off&#8221; border_color=&#8221;#ffffff&#8221; border_style=&#8221;solid&#8221;] [\/et_pb_image][\/et_pb_column][et_pb_column type=&#8221;3_4&#8243;][et_pb_text admin_label=&#8221;Text&#8221; background_layout=&#8221;light&#8221; text_orientation=&#8221;left&#8221; use_border_color=&#8221;off&#8221; border_color=&#8221;#ffffff&#8221; border_style=&#8221;solid&#8221;]<\/p>\n<p class=\"p1\"><span class=\"s1\">Is c\u00fais mh\u00f3r \u00e1thais d\u00fainn a fh\u00f3gairt go bhfuil <a href=\"http:\/\/www.greenflagaward.org.uk\/\"><span class=\"s2\">Bratach Ghlas<\/span><\/a> buaite ag P\u00e1irc Fhaiche Stiabhna le haghaidh 2015! Aithn\u00edonn agus spreagann duaiseanna na Brata\u00ed Glaise, a riarann <a href=\"http:\/\/www.antaisce.org\/\"><span class=\"s2\">An Taisce<\/span><\/a> i bPoblacht na h\u00c9ireann, sol\u00e1thar p\u00e1irceanna agus sp\u00e1sanna gorma ar ardchaighde\u00e1n a bhainist\u00edtear ar bheala\u00ed at\u00e1 inbhuanaithe \u00f3 thaobh na timpeallachta de. <\/span><\/p>\n<p class=\"p2\"><span class=\"s1\">&#8220;T\u00e1 an Bhratach Ghlas bunriachtanach do sp\u00e1s at\u00e1 chomh h\u00edoc\u00f3nach seo. T\u00e1 an Bhratach Ghlas an-t\u00e1bhachtach mar go leagann s\u00e9 s\u00edos ardchaighde\u00e1n do gach p\u00e1irc, caighde\u00e1n a mbeidh gach duine at\u00e1 p\u00e1irteach sa chothabh\u00e1il agus sa bhainist\u00edocht ag obair ina threo. Cuireann s\u00e9 dea-theachtaireacht chuig an bpobal agus chuig an bhfoireann go bhfuil ardchaighde\u00e1n \u00e1 bhaint amach againn.<br \/>\n&#8211; Pr\u00edomh-Sti\u00farth\u00f3ir na P\u00e1irce, Margaret Gormley<\/span><\/p>\n<p>[\/et_pb_text][\/et_pb_column][\/et_pb_row][\/et_pb_section]<\/p>\n","protected":false},"excerpt":{"rendered":"<p>Fl\u00f3ra agus F\u00e1na T\u00e1 t\u00edrdhreach na p\u00e1irce sa l\u00e1 at\u00e1 inniu ann m\u00f3r\u00e1n cos\u00fail le dearadh Victeoiriach na p\u00e1irce a choimisi\u00fanaigh an Tiarna Ardilaun in 1880. T\u00e1 limist\u00e9ar foirmi\u00fail i l\u00e1r na p\u00e1irce ina bhfuil cos\u00e1in agus faich\u00ed i bpatr\u00fan sim\u00e9adrach; t\u00e1 dh\u00e1 scairde\u00e1n eibhir mar bhuaic ina l\u00e1r si\u00fad. T\u00e1 neart ceapacha bl\u00e1thanna Victeoiriacha [&hellip;]<\/p>\n","protected":false},"author":9,"featured_media":0,"parent":0,"menu_order":0,"comment_status":"closed","ping_status":"closed","template":"","meta":{"_et_pb_use_builder":"on","_et_pb_old_content":"","_et_gb_content_width":"","footnotes":""},"class_list":["post-1754","page","type-page","status-publish","hentry"],"_links":{"self":[{"href":"https:\/\/www.ststephensgreenpark.ie\/ga\/wp-json\/wp\/v2\/pages\/1754","targetHints":{"allow":["GET"]}}],"collection":[{"href":"https:\/\/www.ststephensgreenpark.ie\/ga\/wp-json\/wp\/v2\/pages"}],"about":[{"href":"https:\/\/www.ststephensgreenpark.ie\/ga\/wp-json\/wp\/v2\/types\/page"}],"author":[{"embeddable":true,"href":"https:\/\/www.ststephensgreenpark.ie\/ga\/wp-json\/wp\/v2\/users\/9"}],"replies":[{"embeddable":true,"href":"https:\/\/www.ststephensgreenpark.ie\/ga\/wp-json\/wp\/v2\/comments?post=1754"}],"version-history":[{"count":1,"href":"https:\/\/www.ststephensgreenpark.ie\/ga\/wp-json\/wp\/v2\/pages\/1754\/revisions"}],"predecessor-version":[{"id":2941,"href":"https:\/\/www.ststephensgreenpark.ie\/ga\/wp-json\/wp\/v2\/pages\/1754\/revisions\/2941"}],"wp:attachment":[{"href":"https:\/\/www.ststephensgreenpark.ie\/ga\/wp-json\/wp\/v2\/media?parent=1754"}],"curies":[{"name":"wp","href":"https:\/\/api.w.org\/{rel}","templated":true}]}}