{"id":1735,"date":"2014-09-23T17:45:17","date_gmt":"2014-09-23T17:45:17","guid":{"rendered":"http:\/\/ststephensgreenpark.ie\/ga\/plan-a-visit\/"},"modified":"2023-11-07T11:59:32","modified_gmt":"2023-11-07T11:59:32","slug":"plan-a-visit","status":"publish","type":"page","link":"https:\/\/www.ststephensgreenpark.ie\/ga\/plan-a-visit\/","title":{"rendered":"Plan a Visit"},"content":{"rendered":"<p>[et_pb_section admin_label=&#8221;section&#8221; fullwidth=&#8221;off&#8221; specialty=&#8221;off&#8221; transparent_background=&#8221;off&#8221; background_color=&#8221;#34631e&#8221; inner_shadow=&#8221;off&#8221; parallax=&#8221;off&#8221; parallax_method=&#8221;off&#8221; module_class=&#8221;shorty&#8221;][et_pb_row admin_label=&#8221;row&#8221;][et_pb_column type=&#8221;4_4&#8243;][et_pb_text admin_label=&#8221;Plan a Visit Title Text&#8221; background_layout=&#8221;dark&#8221; text_orientation=&#8221;left&#8221; use_border_color=&#8221;off&#8221; border_color=&#8221;#ffffff&#8221; border_style=&#8221;solid&#8221;]<\/p>\n<h1>Plean\u00e1il Cuairt<\/h1>\n<p>[\/et_pb_text][\/et_pb_column][\/et_pb_row][\/et_pb_section][et_pb_section admin_label=&#8221;section&#8221; background_color=&#8221;#132c47&#8243; inner_shadow=&#8221;off&#8221; parallax=&#8221;on&#8221; transparent_background=&#8221;on&#8221; parallax_method=&#8221;off&#8221;][et_pb_row admin_label=&#8221;row&#8221;][et_pb_column type=&#8221;1_3&#8243;][et_pb_text admin_label=&#8221;Opening Hours Text&#8221; background_layout=&#8221;light&#8221; text_orientation=&#8221;left&#8221; use_border_color=&#8221;off&#8221; border_color=&#8221;#ffffff&#8221; border_style=&#8221;solid&#8221;]<\/p>\n<h2>Uaireanta Oscailte<\/h2>\n<p>B\u00edonn P\u00e1irc Fhaiche Stiabhna oscailte \u00f3 cheann ceann na bliana.<br \/>\nLuan go Satharn: 7.30am \u2013 titim na ho\u00edche.<br \/>\nDomhnach agus laethanta saoire poibl\u00ed: 9.30am \u2013 titim na ho\u00edche.<br \/>\nL\u00e1 Nollag: 10am \u2013 1pm.<\/p>\n<p>B\u00edonn titim na ho\u00edche ag an am seo de ghn\u00e1th: 4.30-6pm (Ean-Fea), 6.30-8.30pm (M\u00e1rta-Aib), 9pm (Bealt-I\u00fail), 7-8.30pm (L\u00fan-MF\u00f3mh), 4-6.30pm (DF\u00f3mh-Noll). Chun an t-am d\u00fanta beacht ar aon l\u00e1 faoi leith a fh\u00e1il, t\u00e9igh i dteagmh\u00e1il linn le do thoil.<\/p>\n<p>[\/et_pb_text][et_pb_text admin_label=&#8221;Location Text&#8221; background_layout=&#8221;light&#8221; text_orientation=&#8221;left&#8221; use_border_color=&#8221;off&#8221; border_color=&#8221;#ffffff&#8221; border_style=&#8221;solid&#8221;]<\/p>\n<h2>Su\u00edomh<\/h2>\n<p>T\u00e1 P\u00e1irc Fhaiche Stiabhna lonnaithe i gCearn\u00f3g Fhaiche Stiabhna i mBaile \u00c1tha Cliath 2. T\u00e1 an pr\u00edomhbhealach isteach ag \u00c1irse na bhFi\u00fasail\u00e9ir\u00ed, ag barr Shr\u00e1id Grafton.<\/p>\n<p>[\/et_pb_text][et_pb_text admin_label=&#8221;Transport Text&#8221; background_layout=&#8221;light&#8221; text_orientation=&#8221;left&#8221; use_border_color=&#8221;off&#8221; border_color=&#8221;#ffffff&#8221; border_style=&#8221;solid&#8221;]<\/p>\n<h2>Taisteal<\/h2>\n<p class=\"p1\"><span class=\"s1\">Freastala\u00edonn an chuid is m\u00f3 de na busanna ar l\u00e1r na cathrach, agus stopann siad gar do Ph\u00e1irc Fhaiche Stiabhna. Gheobhaidh t\u00fa sceidil at\u00e1 cothrom le d\u00e1ta ar <a href=\"http:\/\/www.dublinbus.ie\/\" target=\"_blank\" rel=\"noopener\"><span class=\"s2\">shu\u00edomh gr\u00e9as\u00e1in Bhus \u00c1tha Cliath<\/span><\/a>. Cr\u00edochna\u00edonn l\u00edne ghlas na dtramanna <a href=\"http:\/\/www.luas.ie\/\" target=\"_blank\" rel=\"noopener\"><span class=\"s2\">Luas<\/span><\/a> ag an bp\u00e1irc freisin; tuirling ag an stad \u2018Faiche Stiabhna\u2019.<\/span><\/p>\n<p>[\/et_pb_text][\/et_pb_column][et_pb_column type=&#8221;2_3&#8243;][et_pb_map admin_label=&#8221;Map&#8221; address=&#8221;2 Saint Stephen&#8217;s Green, Dublin, Ireland&#8221; zoom_level=&#8221;14&#8243; address_lat=&#8221;53.340258083344644&#8243; address_lng=&#8221;-6.25821270580446&#8243; mouse_wheel=&#8221;off&#8221; use_grayscale_filter=&#8221;off&#8221;] [et_pb_map_pin title=&#8221;Faiche Stiabhna&#8221; pin_address=&#8221;St Stephen&#8217;s Green, Dublin 2, Ireland&#8221; pin_address_lat=&#8221;53.3381736&#8243; pin_address_lng=&#8221;-6.259119000000055&#8243;]<\/p>\n<p class=\"p1\"><span class=\"s1\">Faiche Stiabhna<\/span><\/p>\n<p>[\/et_pb_map_pin] [\/et_pb_map][et_pb_text admin_label=&#8221;Text&#8221; background_layout=&#8221;light&#8221; text_orientation=&#8221;left&#8221; use_border_color=&#8221;off&#8221; border_color=&#8221;#ffffff&#8221; border_style=&#8221;solid&#8221;]<\/p>\n<p><em>Tarraing an fh\u00edor bhu\u00ed go dt\u00ed an pionna dearg chun f\u00e9achaint ar an su\u00edomh ag leibh\u00e9al radhairc sr\u00e1ide.<\/em><\/p>\n<p>[\/et_pb_text][et_pb_text admin_label=&#8221;Facilities Text&#8221; background_layout=&#8221;light&#8221; text_orientation=&#8221;left&#8221; use_border_color=&#8221;off&#8221; border_color=&#8221;#ffffff&#8221; border_style=&#8221;solid&#8221;]<\/p>\n<h2>\u00c1iseanna<\/h2>\n<p class=\"p1\"><span class=\"s1\">T\u00e1 limist\u00e9ir ar leith sa chl\u00f3s s\u00fagartha do ph\u00e1ist\u00ed beaga agus do ph\u00e1ist\u00ed n\u00edos sine. B\u00edonn an-t\u00f3ir ag cuairteoir\u00ed \u00f3ga ar na luascad\u00e1in, ar na sleamhn\u00e1in agus ar an timpeall\u00e1n spraoi.<\/span><\/p>\n<p class=\"p1\"><span class=\"s1\">T\u00e1 comhartha\u00ed i mBraille sa Ghaird\u00edn do na Daill, agus t\u00e1 planda\u00ed a bhfuil boladh l\u00e1idir uathu ann is f\u00e9idir a l\u00e1imhse\u00e1il.<\/span><\/p>\n<p>[\/et_pb_text][\/et_pb_column][\/et_pb_row][et_pb_row admin_label=&#8221;Row&#8221;][et_pb_column type=&#8221;4_4&#8243;][et_pb_divider admin_label=&#8221;Divider&#8221; color=&#8221;#3d3d3d&#8221; show_divider=&#8221;on&#8221; divider_style=&#8221;solid&#8221; divider_position=&#8221;top&#8221; hide_on_mobile=&#8221;off&#8221;] [\/et_pb_divider][\/et_pb_column][\/et_pb_row][et_pb_row admin_label=&#8221;Row&#8221;][et_pb_column type=&#8221;1_2&#8243;][et_pb_text admin_label=&#8221;Tours&#8221; background_layout=&#8221;light&#8221; text_orientation=&#8221;left&#8221; use_border_color=&#8221;off&#8221; border_color=&#8221;#ffffff&#8221; border_style=&#8221;solid&#8221;]<\/p>\n<h2>Turais<\/h2>\n<p class=\"p1\"><span class=\"s1\">T\u00e1 turais treoraithe speisialta ar f\u00e1il ach iad a iarraidh; t\u00e9igh i dteagmh\u00e1il linn m\u00ed amh\u00e1in roimh r\u00e9 ar a laghad.\u00a0Sc\u00f3r duine ar a mh\u00e9ad at\u00e1 ceadaithe. B\u00edonn turais threoraithe ar \u2018<a href=\"http:\/\/www.littlemuseum.ie\/the-green-mile\" target=\"_blank\" rel=\"noopener\"><span class=\"s2\">The Green Mile<\/span><\/a>\u2018 ar f\u00e1il gach maidin Sathairn agus Domhnaigh \u00f3 <a href=\"http:\/\/www.littlemuseum.ie\/\" target=\"_blank\" rel=\"noopener\"><span class=\"s2\">Mh\u00fasaem Beag Bhaile \u00c1tha Cliath<\/span><\/a> at\u00e1 in aice l\u00e1imhe.<\/span><\/p>\n<p>[\/et_pb_text][\/et_pb_column][et_pb_column type=&#8221;1_4&#8243;][et_pb_text admin_label=&#8221;Text&#8221; background_layout=&#8221;light&#8221; text_orientation=&#8221;left&#8221; use_border_color=&#8221;off&#8221; border_color=&#8221;#ffffff&#8221; border_style=&#8221;solid&#8221;]<\/p>\n<h2>Cuairt<\/h2>\n<p>Idir uair an chloig agus dh\u00e1 uair an chloig an me\u00e1nfhad a mhaireann cuairt ar an bp\u00e1irc.<\/p>\n<p>[\/et_pb_text][et_pb_text admin_label=&#8221;Text&#8221; background_layout=&#8221;light&#8221; text_orientation=&#8221;left&#8221; use_border_color=&#8221;off&#8221; border_color=&#8221;#ffffff&#8221; border_style=&#8221;solid&#8221;]<\/p>\n<h2>Cead Isteach<\/h2>\n<p class=\"p1\"><span class=\"s1\">T\u00e1 saorchead isteach sa ph\u00e1irc.<\/span><\/p>\n<p>[\/et_pb_text][\/et_pb_column][et_pb_column type=&#8221;1_4&#8243;][et_pb_text admin_label=&#8221;Text&#8221; background_layout=&#8221;light&#8221; text_orientation=&#8221;left&#8221; use_border_color=&#8221;off&#8221; border_color=&#8221;#ffffff&#8221; border_style=&#8221;solid&#8221;]<\/p>\n<h2>Grianghrafad\u00f3ireacht \/ F\u00edse\u00e1in<\/h2>\n<p class=\"p1\"><span class=\"s1\">T\u00e1 cead agat grianghraif a th\u00f3g\u00e1il agus f\u00edse\u00e1in a dh\u00e9anamh; <span class=\"s2\">t\u00e9igh i dteagmh\u00e1il linn<\/span> chun cead a fh\u00e1il grianghrafad\u00f3ireacht tr\u00e1cht\u00e1la n\u00f3 grianghrafad\u00f3ireacht bhainise a dh\u00e9anamh.<\/span><\/p>\n<p>[\/et_pb_text][\/et_pb_column][\/et_pb_row][et_pb_row admin_label=&#8221;Row&#8221;][et_pb_column type=&#8221;4_4&#8243;][et_pb_divider admin_label=&#8221;Divider&#8221; color=&#8221;#3d3d3d&#8221; show_divider=&#8221;on&#8221; divider_style=&#8221;solid&#8221; divider_position=&#8221;top&#8221; hide_on_mobile=&#8221;off&#8221;] [\/et_pb_divider][\/et_pb_column][\/et_pb_row][et_pb_row admin_label=&#8221;Row&#8221;][et_pb_column type=&#8221;1_2&#8243;][et_pb_blurb admin_label=&#8221;Dogs Blurb&#8221; title=&#8221;\u00cdosl\u00f3d\u00e1il&#8221; url=&#8221;http:\/\/ststephensgreenpark.ie\/wp-content\/uploads\/2015\/10\/Code-of-Conduct-for-Dog-Owners-GAEILGE-PDF.pdf&#8221; url_new_window=&#8221;on&#8221; use_icon=&#8221;on&#8221; font_icon=&#8221;%%115%%&#8221; icon_color=&#8221;rgba(63,119,28,0.68)&#8221; use_circle=&#8221;off&#8221; circle_color=&#8221;#3f771c&#8221; use_circle_border=&#8221;off&#8221; circle_border_color=&#8221;#3f771c&#8221; icon_placement=&#8221;left&#8221; animation=&#8221;off&#8221; background_layout=&#8221;light&#8221; text_orientation=&#8221;center&#8221; use_icon_font_size=&#8221;off&#8221; use_border_color=&#8221;off&#8221; border_color=&#8221;#ffffff&#8221; border_style=&#8221;solid&#8221;]<\/p>\n<p>C\u00f3d Iompair d\u2019\u00dain\u00e9ir\u00ed Madra<\/p>\n<p>[\/et_pb_blurb][\/et_pb_column][et_pb_column type=&#8221;1_2&#8243;][et_pb_blurb admin_label=&#8221;Brochure Blurb&#8221; title=&#8221;\u00cdosl\u00f3d\u00e1il&#8221; url=&#8221;http:\/\/ststephensgreenpark.ie\/wp-content\/uploads\/2015\/10\/St-Stephens-Green-Park-Brochure-GAEILGE.pdf&#8221; url_new_window=&#8221;on&#8221; use_icon=&#8221;on&#8221; font_icon=&#8221;%%115%%&#8221; icon_color=&#8221;rgba(63,119,28,0.68)&#8221; use_circle=&#8221;off&#8221; circle_color=&#8221;#3f771c&#8221; use_circle_border=&#8221;off&#8221; circle_border_color=&#8221;#3f771c&#8221; icon_placement=&#8221;left&#8221; animation=&#8221;off&#8221; background_layout=&#8221;light&#8221; text_orientation=&#8221;center&#8221; use_icon_font_size=&#8221;off&#8221; use_border_color=&#8221;off&#8221; border_color=&#8221;#ffffff&#8221; border_style=&#8221;solid&#8221;]<\/p>\n<p class=\"p1\"><span class=\"s1\">Br\u00f3isi\u00far Reatha Ph\u00e1irc Fhaiche Stiabhna<\/span><\/p>\n<p>[\/et_pb_blurb][\/et_pb_column][\/et_pb_row][\/et_pb_section][et_pb_section admin_label=&#8221;section&#8221; fullwidth=&#8221;off&#8221; specialty=&#8221;off&#8221; transparent_background=&#8221;off&#8221; background_color=&#8221;#34631e&#8221; inner_shadow=&#8221;off&#8221; parallax=&#8221;off&#8221; parallax_method=&#8221;off&#8221; module_class=&#8221;shorty&#8221;][et_pb_row admin_label=&#8221;row&#8221;][et_pb_column type=&#8221;4_4&#8243;][et_pb_text admin_label=&#8221;also in the area heading Text&#8221; background_layout=&#8221;dark&#8221; text_orientation=&#8221;left&#8221; use_border_color=&#8221;off&#8221; border_color=&#8221;#ffffff&#8221; border_style=&#8221;solid&#8221;]<\/p>\n<h1>Sa Cheantar Freisin<\/h1>\n<p>[\/et_pb_text][\/et_pb_column][\/et_pb_row][\/et_pb_section][et_pb_section admin_label=&#8221;section&#8221; fullwidth=&#8221;off&#8221; specialty=&#8221;off&#8221; transparent_background=&#8221;on&#8221; background_color=&#8221;#ffffff&#8221; inner_shadow=&#8221;off&#8221; parallax=&#8221;off&#8221; parallax_method=&#8221;off&#8221;][et_pb_row admin_label=&#8221;row&#8221;][et_pb_column type=&#8221;1_4&#8243;][et_pb_image admin_label=&#8221;Little Museum of Dublin Image&#8221; src=&#8221;http:\/\/ststephensgreenpark.ie\/wp-content\/uploads\/2014\/10\/littlemuseum-e1413328558611.jpg&#8221; show_in_lightbox=&#8221;off&#8221; url=&#8221;http:\/\/www.littlemuseum.ie\/&#8221; url_new_window=&#8221;on&#8221; animation=&#8221;off&#8221; sticky=&#8221;off&#8221; align=&#8221;center&#8221; force_fullwidth=&#8221;off&#8221; always_center_on_mobile=&#8221;on&#8221; use_border_color=&#8221;off&#8221; border_color=&#8221;#ffffff&#8221; border_style=&#8221;solid&#8221;] [\/et_pb_image][et_pb_text admin_label=&#8221;Little Museum Description&#8221; background_layout=&#8221;light&#8221; text_orientation=&#8221;left&#8221; use_border_color=&#8221;off&#8221; border_color=&#8221;#ffffff&#8221; border_style=&#8221;solid&#8221;]<\/p>\n<h4 style=\"text-align: left;\">M\u00fasaem Beag Bhaile \u00c1tha Cliath<\/h4>\n<p style=\"text-align: left;\">Fad sl\u00ed: 13m.<\/p>\n<p style=\"text-align: left;\">Breathnaigh ar an turas deireadh seachtaine a dh\u00e9anann siad sa Ph\u00e1irc.<\/p>\n<p>[\/et_pb_text][\/et_pb_column][et_pb_column type=&#8221;1_4&#8243;][et_pb_image admin_label=&#8221;Museum Image&#8221; src=&#8221;http:\/\/ststephensgreenpark.ie\/wp-content\/uploads\/2014\/10\/kildarestreetmuseum-e1413328547504.jpg&#8221; show_in_lightbox=&#8221;off&#8221; url=&#8221;http:\/\/www.museum.ie\/en\/intro\/archaeology-and-ethnography-museum.aspx&#8221; url_new_window=&#8221;on&#8221; animation=&#8221;off&#8221; sticky=&#8221;off&#8221; align=&#8221;center&#8221; force_fullwidth=&#8221;off&#8221; always_center_on_mobile=&#8221;on&#8221; use_border_color=&#8221;off&#8221; border_color=&#8221;#ffffff&#8221; border_style=&#8221;solid&#8221;] [\/et_pb_image][et_pb_text admin_label=&#8221;Archaeology Museum Description&#8221; background_layout=&#8221;light&#8221; text_orientation=&#8221;left&#8221; use_border_color=&#8221;off&#8221; border_color=&#8221;#ffffff&#8221; border_style=&#8221;solid&#8221;]<\/p>\n<h4 style=\"text-align: left;\">Ard-Mh\u00fasaem na h\u00c9ireann: Seand\u00e1la\u00edocht agus Eitneagrafa\u00edocht<\/h4>\n<p style=\"text-align: left;\">Fad sl\u00ed: 300m.<\/p>\n<p style=\"text-align: left;\">Taisclann n\u00e1isi\u00fanta na nithe seand\u00e1la\u00edochta ar fad a aims\u00edtear in \u00c9irinn.<\/p>\n<p>[\/et_pb_text][\/et_pb_column][et_pb_column type=&#8221;1_4&#8243;][et_pb_image admin_label=&#8221;Iveagh Image&#8221; src=&#8221;http:\/\/ststephensgreenpark.ie\/wp-content\/uploads\/2014\/10\/iveaghgardens-e1413328514853.jpg&#8221; show_in_lightbox=&#8221;off&#8221; url=&#8221;http:\/\/www.iveaghgardens.ie&#8221; url_new_window=&#8221;on&#8221; animation=&#8221;off&#8221; sticky=&#8221;off&#8221; align=&#8221;center&#8221; force_fullwidth=&#8221;off&#8221; always_center_on_mobile=&#8221;on&#8221; use_border_color=&#8221;off&#8221; border_color=&#8221;#ffffff&#8221; border_style=&#8221;solid&#8221;] [\/et_pb_image][et_pb_text admin_label=&#8221;Iveagh Description&#8221; background_layout=&#8221;light&#8221; text_orientation=&#8221;left&#8221; use_border_color=&#8221;off&#8221; border_color=&#8221;#ffffff&#8221; border_style=&#8221;solid&#8221;]<\/p>\n<h4 style=\"text-align: left;\">Gaird\u00edn\u00ed U\u00edbh Eachach<\/h4>\n<p style=\"text-align: left;\">Fad sl\u00ed: 300m.<\/p>\n<p style=\"text-align: left;\">\u2018Gaird\u00edn R\u00fanda\u2019 Bhaile \u00c1tha Cliath, t\u00e1 stair tr\u00ed ch\u00e9ad bliain ag baint leo.<\/p>\n<p>[\/et_pb_text][\/et_pb_column][et_pb_column type=&#8221;1_4&#8243;][et_pb_image admin_label=&#8221;NLI Image&#8221; src=&#8221;http:\/\/ststephensgreenpark.ie\/wp-content\/uploads\/2014\/10\/National_Library_of_Ireland_2011-e1413328535846.jpg&#8221; show_in_lightbox=&#8221;off&#8221; url=&#8221;http:\/\/www.nli.ie\/&#8221; url_new_window=&#8221;on&#8221; animation=&#8221;off&#8221; sticky=&#8221;off&#8221; align=&#8221;center&#8221; force_fullwidth=&#8221;off&#8221; always_center_on_mobile=&#8221;on&#8221; use_border_color=&#8221;off&#8221; border_color=&#8221;#ffffff&#8221; border_style=&#8221;solid&#8221;] [\/et_pb_image][et_pb_text admin_label=&#8221;NLI Description&#8221; background_layout=&#8221;light&#8221; text_orientation=&#8221;left&#8221; use_border_color=&#8221;off&#8221; border_color=&#8221;#ffffff&#8221; border_style=&#8221;solid&#8221;]<\/p>\n<h4 style=\"text-align: left;\">Leabharlann N\u00e1isi\u00fanta na h\u00c9ireann<\/h4>\n<p style=\"text-align: left;\">Fad sl\u00ed: 350m.<\/p>\n<p style=\"text-align: left;\">Taispe\u00e1ntais a bhuaigh gradaim, acmhainn\u00ed chun stair mhuintire a fhiosr\u00fa, agus seomra l\u00e9itheoireachta Victeoiriach \u00e1lainn.<\/p>\n<p>[\/et_pb_text][\/et_pb_column][\/et_pb_row][\/et_pb_section]<\/p>\n","protected":false},"excerpt":{"rendered":"<p>Plean\u00e1il Cuairt Uaireanta Oscailte B\u00edonn P\u00e1irc Fhaiche Stiabhna oscailte \u00f3 cheann ceann na bliana. Luan go Satharn: 7.30am \u2013 titim na ho\u00edche. Domhnach agus laethanta saoire poibl\u00ed: 9.30am \u2013 titim na ho\u00edche. L\u00e1 Nollag: 10am \u2013 1pm. B\u00edonn titim na ho\u00edche ag an am seo de ghn\u00e1th: 4.30-6pm (Ean-Fea), 6.30-8.30pm (M\u00e1rta-Aib), 9pm (Bealt-I\u00fail), 7-8.30pm (L\u00fan-MF\u00f3mh), [&hellip;]<\/p>\n","protected":false},"author":9,"featured_media":0,"parent":0,"menu_order":0,"comment_status":"closed","ping_status":"closed","template":"","meta":{"_et_pb_use_builder":"on","_et_pb_old_content":"","_et_gb_content_width":"","footnotes":""},"class_list":["post-1735","page","type-page","status-publish","hentry"],"_links":{"self":[{"href":"https:\/\/www.ststephensgreenpark.ie\/ga\/wp-json\/wp\/v2\/pages\/1735","targetHints":{"allow":["GET"]}}],"collection":[{"href":"https:\/\/www.ststephensgreenpark.ie\/ga\/wp-json\/wp\/v2\/pages"}],"about":[{"href":"https:\/\/www.ststephensgreenpark.ie\/ga\/wp-json\/wp\/v2\/types\/page"}],"author":[{"embeddable":true,"href":"https:\/\/www.ststephensgreenpark.ie\/ga\/wp-json\/wp\/v2\/users\/9"}],"replies":[{"embeddable":true,"href":"https:\/\/www.ststephensgreenpark.ie\/ga\/wp-json\/wp\/v2\/comments?post=1735"}],"version-history":[{"count":1,"href":"https:\/\/www.ststephensgreenpark.ie\/ga\/wp-json\/wp\/v2\/pages\/1735\/revisions"}],"predecessor-version":[{"id":2971,"href":"https:\/\/www.ststephensgreenpark.ie\/ga\/wp-json\/wp\/v2\/pages\/1735\/revisions\/2971"}],"wp:attachment":[{"href":"https:\/\/www.ststephensgreenpark.ie\/ga\/wp-json\/wp\/v2\/media?parent=1735"}],"curies":[{"name":"wp","href":"https:\/\/api.w.org\/{rel}","templated":true}]}}